{"id":1041,"date":"2025-05-18T11:50:54","date_gmt":"2025-05-18T11:50:54","guid":{"rendered":"https:\/\/wd-space.com\/?page_id=1041"},"modified":"2025-11-17T23:23:45","modified_gmt":"2025-11-17T23:23:45","slug":"blog","status":"publish","type":"page","link":"https:\/\/wd-space.com\/en\/blog\/","title":{"rendered":"Blog"},"content":{"rendered":"<div data-elementor-type=\"wp-page\" data-elementor-id=\"1041\" class=\"elementor elementor-1041\" data-elementor-post-type=\"page\">\n\t\t\t\t<div class=\"elementor-element elementor-element-a06c85d e-con-full e-flex e-con e-parent\" data-id=\"a06c85d\" data-element_type=\"container\" data-e-type=\"container\" data-settings=\"{&quot;background_background&quot;:&quot;classic&quot;}\">\n\t\t<div class=\"elementor-element elementor-element-b7f3606 e-con-full e-flex e-con e-child\" data-id=\"b7f3606\" data-element_type=\"container\" data-e-type=\"container\" data-settings=\"{&quot;background_background&quot;:&quot;classic&quot;}\">\n\t\t\t\t<div class=\"elementor-element elementor-element-d976dec elementor-widget elementor-widget-heading\" data-id=\"d976dec\" data-element_type=\"widget\" data-e-type=\"widget\" data-widget_type=\"heading.default\">\n\t\t\t\t<div class=\"elementor-widget-container\">\n\t\t\t\t\t<h1 class=\"elementor-heading-title elementor-size-default\">Tipps f\u00fcr Training, Ern\u00e4hrung &amp; MotivatioN<\/h1>\t\t\t\t<\/div>\n\t\t\t\t<\/div>\n\t\t\t\t<div class=\"elementor-element elementor-element-f7b0010 elementor-widget-mobile__width-initial elementor-widget-divider--view-line elementor-widget elementor-widget-divider\" data-id=\"f7b0010\" data-element_type=\"widget\" data-e-type=\"widget\" data-widget_type=\"divider.default\">\n\t\t\t\t<div class=\"elementor-widget-container\">\n\t\t\t\t\t\t\t<div class=\"elementor-divider\">\n\t\t\t<span class=\"elementor-divider-separator\">\n\t\t\t\t\t\t<\/span>\n\t\t<\/div>\n\t\t\t\t\t\t<\/div>\n\t\t\t\t<\/div>\n\t\t\t\t<div class=\"elementor-element elementor-element-74bb500 elementor-widget-mobile__width-initial elementor-widget elementor-widget-text-editor\" data-id=\"74bb500\" data-element_type=\"widget\" data-e-type=\"widget\" data-widget_type=\"text-editor.default\">\n\t\t\t\t<div class=\"elementor-widget-container\">\n\t\t\t\t\t\t\t\t\t<p>Aktuelle Insights, Trainingspl\u00e4ne &amp; Expertentipps f\u00fcr dein optimales Workout<\/p>\t\t\t\t\t\t\t\t<\/div>\n\t\t\t\t<\/div>\n\t\t\t\t<\/div>\n\t\t<div class=\"elementor-element elementor-element-83648d4 e-con-full e-flex e-con e-child\" data-id=\"83648d4\" data-element_type=\"container\" data-e-type=\"container\">\n\t\t\t\t<\/div>\n\t\t\t\t<\/div>\n\t\t<div class=\"elementor-element elementor-element-d45cd65 e-flex e-con-boxed e-con e-parent\" data-id=\"d45cd65\" data-element_type=\"container\" data-e-type=\"container\" data-settings=\"{&quot;background_background&quot;:&quot;classic&quot;}\">\n\t\t\t\t\t<div class=\"e-con-inner\">\n\t\t\t\t<div class=\"elementor-element elementor-element-87c57ba elementor-widget elementor-widget-spacer\" data-id=\"87c57ba\" data-element_type=\"widget\" data-e-type=\"widget\" data-widget_type=\"spacer.default\">\n\t\t\t\t<div class=\"elementor-widget-container\">\n\t\t\t\t\t\t\t<div class=\"elementor-spacer\">\n\t\t\t<div class=\"elementor-spacer-inner\"><\/div>\n\t\t<\/div>\n\t\t\t\t\t\t<\/div>\n\t\t\t\t<\/div>\n\t\t\t\t<div class=\"elementor-element elementor-element-dd0a133 elementor-posts--align-left elementor-grid-3 elementor-grid-tablet-2 elementor-grid-mobile-1 elementor-posts--thumbnail-top elementor-card-shadow-yes elementor-posts__hover-gradient elementor-widget elementor-widget-posts\" data-id=\"dd0a133\" data-element_type=\"widget\" data-e-type=\"widget\" data-settings=\"{&quot;cards_row_gap&quot;:{&quot;unit&quot;:&quot;px&quot;,&quot;size&quot;:22,&quot;sizes&quot;:[]},&quot;cards_row_gap_mobile&quot;:{&quot;unit&quot;:&quot;px&quot;,&quot;size&quot;:24,&quot;sizes&quot;:[]},&quot;cards_columns&quot;:&quot;3&quot;,&quot;cards_columns_tablet&quot;:&quot;2&quot;,&quot;cards_columns_mobile&quot;:&quot;1&quot;,&quot;cards_row_gap_tablet&quot;:{&quot;unit&quot;:&quot;px&quot;,&quot;size&quot;:&quot;&quot;,&quot;sizes&quot;:[]}}\" data-widget_type=\"posts.cards\">\n\t\t\t\t<div class=\"elementor-widget-container\">\n\t\t\t\t\t\t\t<div class=\"elementor-posts-container elementor-posts elementor-posts--skin-cards elementor-grid\" role=\"list\">\n\t\t\t\t<article class=\"elementor-post elementor-grid-item post-1368 page type-page status-publish has-post-thumbnail hentry category-blog tag-blog\" role=\"listitem\">\n\t\t\t<div class=\"elementor-post__card\">\n\t\t\t\t<a class=\"elementor-post__thumbnail__link\" href=\"https:\/\/wd-space.com\/en\/blog\/bewegung-schwangerschaft\/\" tabindex=\"-1\" ><div class=\"elementor-post__thumbnail\"><img fetchpriority=\"high\" decoding=\"async\" width=\"300\" height=\"214\" src=\"https:\/\/wd-space.com\/wp-content\/uploads\/2025\/08\/7N6A2721-300x214.jpg\" class=\"attachment-medium size-medium wp-image-1073\" alt=\"Schwangerschaftstraining in Berlin\" srcset=\"https:\/\/wd-space.com\/wp-content\/uploads\/2025\/08\/7N6A2721-300x214.jpg 300w, https:\/\/wd-space.com\/wp-content\/uploads\/2025\/08\/7N6A2721-1024x731.jpg 1024w, https:\/\/wd-space.com\/wp-content\/uploads\/2025\/08\/7N6A2721-768x549.jpg 768w, https:\/\/wd-space.com\/wp-content\/uploads\/2025\/08\/7N6A2721-1536x1097.jpg 1536w, https:\/\/wd-space.com\/wp-content\/uploads\/2025\/08\/7N6A2721-2048x1463.jpg 2048w, https:\/\/wd-space.com\/wp-content\/uploads\/2025\/08\/7N6A2721-18x12.jpg 18w\" sizes=\"(max-width: 300px) 100vw, 300px\" \/><\/div><\/a>\n\t\t\t\t<div class=\"elementor-post__badge\">blog<\/div>\n\t\t\t\t<div class=\"elementor-post__text\">\n\t\t\t\t<h3 class=\"elementor-post__title\">\n\t\t\t<a href=\"https:\/\/wd-space.com\/en\/blog\/bewegung-schwangerschaft\/\" >\n\t\t\t\tBewegung in der Schwangerschaft\t\t\t<\/a>\n\t\t<\/h3>\n\t\t\t\t<div class=\"elementor-post__excerpt\">\n\t\t\t<p>Schwanger und unsicher, ob du noch trainieren darfst? Hier erf\u00e4hrst du, warum Bewegung dir guttut \u2013 k\u00f6rperlich &#038; mental. F\u00fcr dich und dein Baby.<\/p>\n\t\t<\/div>\n\t\t\n\t\t<a class=\"elementor-post__read-more\" href=\"https:\/\/wd-space.com\/en\/blog\/bewegung-schwangerschaft\/\" aria-label=\"Read more about Bewegung in der Schwangerschaft\" tabindex=\"-1\" >\n\t\t\tWeiterlesen \t\t<\/a>\n\n\t\t\t\t<\/div>\n\t\t\t\t<div class=\"elementor-post__meta-data\">\n\t\t\t\t\t<span class=\"elementor-post-date\">\n\t\t\tNovember 3, 2025\t\t<\/span>\n\t\t\t\t<span class=\"elementor-post-avatar\">\n\t\t\tNo Comments\t\t<\/span>\n\t\t\t\t<\/div>\n\t\t\t\t\t<\/div>\n\t\t<\/article>\n\t\t\t\t<article class=\"elementor-post elementor-grid-item post-1313 page type-page status-publish has-post-thumbnail hentry category-blog tag-blog\" role=\"listitem\">\n\t\t\t<div class=\"elementor-post__card\">\n\t\t\t\t<a class=\"elementor-post__thumbnail__link\" href=\"https:\/\/wd-space.com\/en\/blog\/muskelaufbau\/\" tabindex=\"-1\" ><div class=\"elementor-post__thumbnail\"><img decoding=\"async\" width=\"300\" height=\"214\" src=\"https:\/\/wd-space.com\/wp-content\/uploads\/2025\/10\/7N6A4607-300x214.jpg\" class=\"attachment-medium size-medium wp-image-1276\" alt=\"Personal Training in Berlin - WD Space\" srcset=\"https:\/\/wd-space.com\/wp-content\/uploads\/2025\/10\/7N6A4607-300x214.jpg 300w, https:\/\/wd-space.com\/wp-content\/uploads\/2025\/10\/7N6A4607-1024x731.jpg 1024w, https:\/\/wd-space.com\/wp-content\/uploads\/2025\/10\/7N6A4607-768x549.jpg 768w, https:\/\/wd-space.com\/wp-content\/uploads\/2025\/10\/7N6A4607-1536x1097.jpg 1536w, https:\/\/wd-space.com\/wp-content\/uploads\/2025\/10\/7N6A4607-2048x1463.jpg 2048w, https:\/\/wd-space.com\/wp-content\/uploads\/2025\/10\/7N6A4607-18x12.jpg 18w\" sizes=\"(max-width: 300px) 100vw, 300px\" \/><\/div><\/a>\n\t\t\t\t<div class=\"elementor-post__badge\">blog<\/div>\n\t\t\t\t<div class=\"elementor-post__text\">\n\t\t\t\t<h3 class=\"elementor-post__title\">\n\t\t\t<a href=\"https:\/\/wd-space.com\/en\/blog\/muskelaufbau\/\" >\n\t\t\t\tMUSKELAUFBAU &#038; KRAFTTRAINING\t\t\t<\/a>\n\t\t<\/h3>\n\t\t\t\t<div class=\"elementor-post__excerpt\">\n\t\t\t<p>Wie du gesund Fett verlierst und deinen K\u00f6rper formst \u2013 mit wissenschaftlich fundiertem Wissen \u00fcber Training und Ern\u00e4hrung.<\/p>\n\t\t<\/div>\n\t\t\n\t\t<a class=\"elementor-post__read-more\" href=\"https:\/\/wd-space.com\/en\/blog\/muskelaufbau\/\" aria-label=\"Read more about MUSKELAUFBAU &#038; KRAFTTRAINING\" tabindex=\"-1\" >\n\t\t\tWeiterlesen \t\t<\/a>\n\n\t\t\t\t<\/div>\n\t\t\t\t<div class=\"elementor-post__meta-data\">\n\t\t\t\t\t<span class=\"elementor-post-date\">\n\t\t\tOctober 17, 2025\t\t<\/span>\n\t\t\t\t<span class=\"elementor-post-avatar\">\n\t\t\tNo Comments\t\t<\/span>\n\t\t\t\t<\/div>\n\t\t\t\t\t<\/div>\n\t\t<\/article>\n\t\t\t\t<article class=\"elementor-post elementor-grid-item post-1223 page type-page status-publish has-post-thumbnail hentry category-blog tag-blog\" role=\"listitem\">\n\t\t\t<div class=\"elementor-post__card\">\n\t\t\t\t<a class=\"elementor-post__thumbnail__link\" href=\"https:\/\/wd-space.com\/en\/blog\/gewichtsreduktion\/\" tabindex=\"-1\" ><div class=\"elementor-post__thumbnail\"><img decoding=\"async\" width=\"300\" height=\"214\" src=\"https:\/\/wd-space.com\/wp-content\/uploads\/2025\/09\/7N6A4547-300x214.jpg\" class=\"attachment-medium size-medium wp-image-1254\" alt=\"Fitnessblog - WD Space Personal Training\" srcset=\"https:\/\/wd-space.com\/wp-content\/uploads\/2025\/09\/7N6A4547-300x214.jpg 300w, https:\/\/wd-space.com\/wp-content\/uploads\/2025\/09\/7N6A4547-1024x732.jpg 1024w, https:\/\/wd-space.com\/wp-content\/uploads\/2025\/09\/7N6A4547-768x549.jpg 768w, https:\/\/wd-space.com\/wp-content\/uploads\/2025\/09\/7N6A4547-1536x1097.jpg 1536w, https:\/\/wd-space.com\/wp-content\/uploads\/2025\/09\/7N6A4547-2048x1463.jpg 2048w, https:\/\/wd-space.com\/wp-content\/uploads\/2025\/09\/7N6A4547-18x12.jpg 18w\" sizes=\"(max-width: 300px) 100vw, 300px\" \/><\/div><\/a>\n\t\t\t\t<div class=\"elementor-post__badge\">blog<\/div>\n\t\t\t\t<div class=\"elementor-post__text\">\n\t\t\t\t<h3 class=\"elementor-post__title\">\n\t\t\t<a href=\"https:\/\/wd-space.com\/en\/blog\/gewichtsreduktion\/\" >\n\t\t\t\tGesund abnehmen &#038; straffer aussehen \u2013 so geht\u2019s richtig\t\t\t<\/a>\n\t\t<\/h3>\n\t\t\t\t<div class=\"elementor-post__excerpt\">\n\t\t\t<p>Wie du gesund Fett verlierst und deinen K\u00f6rper formst \u2013 mit wissenschaftlich fundiertem Wissen \u00fcber Training und Ern\u00e4hrung.<\/p>\n\t\t<\/div>\n\t\t\n\t\t<a class=\"elementor-post__read-more\" href=\"https:\/\/wd-space.com\/en\/blog\/gewichtsreduktion\/\" aria-label=\"Read more about Gesund abnehmen &#038; straffer aussehen \u2013 so geht\u2019s richtig\" tabindex=\"-1\" >\n\t\t\tWeiterlesen \t\t<\/a>\n\n\t\t\t\t<\/div>\n\t\t\t\t<div class=\"elementor-post__meta-data\">\n\t\t\t\t\t<span class=\"elementor-post-date\">\n\t\t\tSeptember 11, 2025\t\t<\/span>\n\t\t\t\t<span class=\"elementor-post-avatar\">\n\t\t\tNo Comments\t\t<\/span>\n\t\t\t\t<\/div>\n\t\t\t\t\t<\/div>\n\t\t<\/article>\n\t\t\t\t<\/div>\n\t\t\n\t\t\t\t\t\t<\/div>\n\t\t\t\t<\/div>\n\t\t\t\t\t<\/div>\n\t\t\t\t<\/div>\n\t\t<div class=\"elementor-element elementor-element-73532a1 e-flex e-con-boxed e-con e-parent\" data-id=\"73532a1\" data-element_type=\"container\" data-e-type=\"container\">\n\t\t\t\t\t<div class=\"e-con-inner\">\n\t\t<div class=\"elementor-element elementor-element-63f7adc e-flex e-con-boxed e-con e-child\" data-id=\"63f7adc\" data-element_type=\"container\" data-e-type=\"container\" data-settings=\"{&quot;background_background&quot;:&quot;classic&quot;}\">\n\t\t\t\t\t<div class=\"e-con-inner\">\n\t\t\t\t<div class=\"elementor-element elementor-element-c0609bc elementor-widget elementor-widget-heading\" data-id=\"c0609bc\" data-element_type=\"widget\" data-e-type=\"widget\" data-widget_type=\"heading.default\">\n\t\t\t\t<div class=\"elementor-widget-container\">\n\t\t\t\t\t<h2 class=\"elementor-heading-title elementor-size-default\">Do you want to become a part of WD Space too?<\/h2>\t\t\t\t<\/div>\n\t\t\t\t<\/div>\n\t\t\t\t<div class=\"elementor-element elementor-element-bb1fa7f elementor-widget elementor-widget-text-editor\" data-id=\"bb1fa7f\" data-element_type=\"widget\" data-e-type=\"widget\" data-widget_type=\"text-editor.default\">\n\t\t\t\t<div class=\"elementor-widget-container\">\n\t\t\t\t\t\t\t\t\t<p>Are you a personal trainer looking for an opportunity to offer something unique to your clients instead of crowded fitness studios? Then WD Space is the perfect choice. At WD Space, we've created a relaxed atmosphere that prioritizes knowledge sharing and continuous learning. Join our team and provide your clients with an unparalleled fitness experience.\u00a0<\/p>\t\t\t\t\t\t\t\t<\/div>\n\t\t\t\t<\/div>\n\t\t\t\t<div class=\"elementor-element elementor-element-ad388ee elementor-widget elementor-widget-text-editor\" data-id=\"ad388ee\" data-element_type=\"widget\" data-e-type=\"widget\" data-widget_type=\"text-editor.default\">\n\t\t\t\t<div class=\"elementor-widget-container\">\n\t\t\t\t\t\t\t\t\t<p>Sign up today for our first introductory meeting!<\/p>\t\t\t\t\t\t\t\t<\/div>\n\t\t\t\t<\/div>\n\t\t\t\t<div class=\"elementor-element elementor-element-8ff22a4 elementor-widget elementor-widget-button\" data-id=\"8ff22a4\" data-element_type=\"widget\" data-e-type=\"widget\" data-widget_type=\"button.default\">\n\t\t\t\t<div class=\"elementor-widget-container\">\n\t\t\t\t\t\t\t\t\t<div class=\"elementor-button-wrapper\">\n\t\t\t\t\t<a class=\"elementor-button elementor-button-link elementor-size-sm\" href=\"https:\/\/wd-space.com\/en\/bewerbung\/\">\n\t\t\t\t\t\t<span class=\"elementor-button-content-wrapper\">\n\t\t\t\t\t\t\t\t\t<span class=\"elementor-button-text\">Apply now<\/span>\n\t\t\t\t\t<\/span>\n\t\t\t\t\t<\/a>\n\t\t\t\t<\/div>\n\t\t\t\t\t\t\t\t<\/div>\n\t\t\t\t<\/div>\n\t\t\t\t\t<\/div>\n\t\t\t\t<\/div>\n\t\t\t\t\t<\/div>\n\t\t\t\t<\/div>\n\t\t\t\t<\/div>","protected":false},"excerpt":{"rendered":"<p>Tipps f\u00fcr Training, Ern\u00e4hrung &amp; MotivatioN Aktuelle Insights, Trainingspl\u00e4ne &amp; Expertentipps f\u00fcr dein optimales Workout m\u00f6chtest du auch ein teil von wd space werden? Bist du ein Personal Trainer und suchst nach der M\u00f6glichkeit, deinen Kunden etwas Besonderes statt \u00fcberf\u00fcllten Fitnessstudios anzubieten? Dann ist WD Space die perfekte Wahl. Bei WD Space haben wir eine [&hellip;]<\/p>\n","protected":false},"author":1,"featured_media":0,"parent":0,"menu_order":0,"comment_status":"closed","ping_status":"closed","template":"","meta":{"footnotes":""},"categories":[],"tags":[],"class_list":["post-1041","page","type-page","status-publish","hentry"],"yoast_head":"<!-- This site is optimized with the Yoast SEO plugin v27.4 - https:\/\/yoast.com\/product\/yoast-seo-wordpress\/ -->\n<title>WD Space Blog \u2013 Fitness, Ern\u00e4hrung &amp; Personal Training<\/title>\n<meta name=\"description\" content=\"Tipps zu Muskelaufbau, Gewichtsreduktion, Ern\u00e4hrung &amp; Training \u2013 direkt von den Coaches im WD Space Studio Berlin.\" \/>\n<meta name=\"robots\" content=\"index, follow, max-snippet:-1, max-image-preview:large, max-video-preview:-1\" \/>\n<link rel=\"canonical\" href=\"https:\/\/wd-space.com\/en\/blog\/\" \/>\n<meta property=\"og:locale\" content=\"en_GB\" \/>\n<meta property=\"og:type\" content=\"article\" \/>\n<meta property=\"og:title\" content=\"WD Space Blog \u2013 Fitness, Ern\u00e4hrung &amp; Personal Training\" \/>\n<meta property=\"og:description\" content=\"Tipps zu Muskelaufbau, Gewichtsreduktion, Ern\u00e4hrung &amp; Training \u2013 direkt von den Coaches im WD Space Studio Berlin.\" \/>\n<meta property=\"og:url\" content=\"https:\/\/wd-space.com\/en\/blog\/\" \/>\n<meta property=\"og:site_name\" content=\"WD Space\" \/>\n<meta property=\"article:modified_time\" content=\"2025-11-17T23:23:45+00:00\" \/>\n<meta name=\"twitter:card\" content=\"summary_large_image\" \/>\n<meta name=\"twitter:label1\" content=\"Estimated reading time\" \/>\n\t<meta name=\"twitter:data1\" content=\"2 minutes\" \/>\n<script type=\"application\/ld+json\" class=\"yoast-schema-graph\">{\"@context\":\"https:\\\/\\\/schema.org\",\"@graph\":[{\"@type\":\"WebPage\",\"@id\":\"https:\\\/\\\/wd-space.com\\\/blog\\\/\",\"url\":\"https:\\\/\\\/wd-space.com\\\/blog\\\/\",\"name\":\"WD Space Blog \u2013 Fitness, Ern\u00e4hrung & Personal Training\",\"isPartOf\":{\"@id\":\"https:\\\/\\\/wd-space.com\\\/#website\"},\"datePublished\":\"2025-05-18T11:50:54+00:00\",\"dateModified\":\"2025-11-17T23:23:45+00:00\",\"description\":\"Tipps zu Muskelaufbau, Gewichtsreduktion, Ern\u00e4hrung & Training \u2013 direkt von den Coaches im WD Space Studio Berlin.\",\"breadcrumb\":{\"@id\":\"https:\\\/\\\/wd-space.com\\\/blog\\\/#breadcrumb\"},\"inLanguage\":\"en-GB\",\"potentialAction\":[{\"@type\":\"ReadAction\",\"target\":[\"https:\\\/\\\/wd-space.com\\\/blog\\\/\"]}]},{\"@type\":\"BreadcrumbList\",\"@id\":\"https:\\\/\\\/wd-space.com\\\/blog\\\/#breadcrumb\",\"itemListElement\":[{\"@type\":\"ListItem\",\"position\":1,\"name\":\"Home\",\"item\":\"https:\\\/\\\/wd-space.com\\\/\"},{\"@type\":\"ListItem\",\"position\":2,\"name\":\"Blog\"}]},{\"@type\":\"WebSite\",\"@id\":\"https:\\\/\\\/wd-space.com\\\/#website\",\"url\":\"https:\\\/\\\/wd-space.com\\\/\",\"name\":\"WD Space\",\"description\":\"Boutique Studio\",\"publisher\":{\"@id\":\"https:\\\/\\\/wd-space.com\\\/#organization\"},\"potentialAction\":[{\"@type\":\"SearchAction\",\"target\":{\"@type\":\"EntryPoint\",\"urlTemplate\":\"https:\\\/\\\/wd-space.com\\\/?s={search_term_string}\"},\"query-input\":{\"@type\":\"PropertyValueSpecification\",\"valueRequired\":true,\"valueName\":\"search_term_string\"}}],\"inLanguage\":\"en-GB\"},{\"@type\":\"Organization\",\"@id\":\"https:\\\/\\\/wd-space.com\\\/#organization\",\"name\":\"WD Space\",\"url\":\"https:\\\/\\\/wd-space.com\\\/\",\"logo\":{\"@type\":\"ImageObject\",\"inLanguage\":\"en-GB\",\"@id\":\"https:\\\/\\\/wd-space.com\\\/#\\\/schema\\\/logo\\\/image\\\/\",\"url\":\"https:\\\/\\\/wd-space.com\\\/wp-content\\\/uploads\\\/2023\\\/08\\\/WD_Space_Logo_black_webRZ.png\",\"contentUrl\":\"https:\\\/\\\/wd-space.com\\\/wp-content\\\/uploads\\\/2023\\\/08\\\/WD_Space_Logo_black_webRZ.png\",\"width\":886,\"height\":665,\"caption\":\"WD Space\"},\"image\":{\"@id\":\"https:\\\/\\\/wd-space.com\\\/#\\\/schema\\\/logo\\\/image\\\/\"},\"sameAs\":[\"https:\\\/\\\/www.instagram.com\\\/wd.space\\\/?igshid=MjEwN2IyYWYwYw\"]}]}<\/script>\n<!-- \/ Yoast SEO plugin. -->","yoast_head_json":{"title":"WD Space Blog \u2013 Fitness, Ern\u00e4hrung & Personal Training","description":"Tipps zu Muskelaufbau, Gewichtsreduktion, Ern\u00e4hrung & Training \u2013 direkt von den Coaches im WD Space Studio Berlin.","robots":{"index":"index","follow":"follow","max-snippet":"max-snippet:-1","max-image-preview":"max-image-preview:large","max-video-preview":"max-video-preview:-1"},"canonical":"https:\/\/wd-space.com\/en\/blog\/","og_locale":"en_GB","og_type":"article","og_title":"WD Space Blog \u2013 Fitness, Ern\u00e4hrung & Personal Training","og_description":"Tipps zu Muskelaufbau, Gewichtsreduktion, Ern\u00e4hrung & Training \u2013 direkt von den Coaches im WD Space Studio Berlin.","og_url":"https:\/\/wd-space.com\/en\/blog\/","og_site_name":"WD Space","article_modified_time":"2025-11-17T23:23:45+00:00","twitter_card":"summary_large_image","twitter_misc":{"Estimated reading time":"2 minutes"},"schema":{"@context":"https:\/\/schema.org","@graph":[{"@type":"WebPage","@id":"https:\/\/wd-space.com\/blog\/","url":"https:\/\/wd-space.com\/blog\/","name":"WD Space Blog \u2013 Fitness, Ern\u00e4hrung & Personal Training","isPartOf":{"@id":"https:\/\/wd-space.com\/#website"},"datePublished":"2025-05-18T11:50:54+00:00","dateModified":"2025-11-17T23:23:45+00:00","description":"Tipps zu Muskelaufbau, Gewichtsreduktion, Ern\u00e4hrung & Training \u2013 direkt von den Coaches im WD Space Studio Berlin.","breadcrumb":{"@id":"https:\/\/wd-space.com\/blog\/#breadcrumb"},"inLanguage":"en-GB","potentialAction":[{"@type":"ReadAction","target":["https:\/\/wd-space.com\/blog\/"]}]},{"@type":"BreadcrumbList","@id":"https:\/\/wd-space.com\/blog\/#breadcrumb","itemListElement":[{"@type":"ListItem","position":1,"name":"Home","item":"https:\/\/wd-space.com\/"},{"@type":"ListItem","position":2,"name":"Blog"}]},{"@type":"WebSite","@id":"https:\/\/wd-space.com\/#website","url":"https:\/\/wd-space.com\/","name":"WD Space","description":"Boutique Studio","publisher":{"@id":"https:\/\/wd-space.com\/#organization"},"potentialAction":[{"@type":"SearchAction","target":{"@type":"EntryPoint","urlTemplate":"https:\/\/wd-space.com\/?s={search_term_string}"},"query-input":{"@type":"PropertyValueSpecification","valueRequired":true,"valueName":"search_term_string"}}],"inLanguage":"en-GB"},{"@type":"Organization","@id":"https:\/\/wd-space.com\/#organization","name":"WD Space","url":"https:\/\/wd-space.com\/","logo":{"@type":"ImageObject","inLanguage":"en-GB","@id":"https:\/\/wd-space.com\/#\/schema\/logo\/image\/","url":"https:\/\/wd-space.com\/wp-content\/uploads\/2023\/08\/WD_Space_Logo_black_webRZ.png","contentUrl":"https:\/\/wd-space.com\/wp-content\/uploads\/2023\/08\/WD_Space_Logo_black_webRZ.png","width":886,"height":665,"caption":"WD Space"},"image":{"@id":"https:\/\/wd-space.com\/#\/schema\/logo\/image\/"},"sameAs":["https:\/\/www.instagram.com\/wd.space\/?igshid=MjEwN2IyYWYwYw"]}]}},"_links":{"self":[{"href":"https:\/\/wd-space.com\/en\/wp-json\/wp\/v2\/pages\/1041","targetHints":{"allow":["GET"]}}],"collection":[{"href":"https:\/\/wd-space.com\/en\/wp-json\/wp\/v2\/pages"}],"about":[{"href":"https:\/\/wd-space.com\/en\/wp-json\/wp\/v2\/types\/page"}],"author":[{"embeddable":true,"href":"https:\/\/wd-space.com\/en\/wp-json\/wp\/v2\/users\/1"}],"replies":[{"embeddable":true,"href":"https:\/\/wd-space.com\/en\/wp-json\/wp\/v2\/comments?post=1041"}],"version-history":[{"count":28,"href":"https:\/\/wd-space.com\/en\/wp-json\/wp\/v2\/pages\/1041\/revisions"}],"predecessor-version":[{"id":1395,"href":"https:\/\/wd-space.com\/en\/wp-json\/wp\/v2\/pages\/1041\/revisions\/1395"}],"wp:attachment":[{"href":"https:\/\/wd-space.com\/en\/wp-json\/wp\/v2\/media?parent=1041"}],"wp:term":[{"taxonomy":"category","embeddable":true,"href":"https:\/\/wd-space.com\/en\/wp-json\/wp\/v2\/categories?post=1041"},{"taxonomy":"post_tag","embeddable":true,"href":"https:\/\/wd-space.com\/en\/wp-json\/wp\/v2\/tags?post=1041"}],"curies":[{"name":"wp","href":"https:\/\/api.w.org\/{rel}","templated":true}]}}