{"id":153,"date":"2023-09-12T11:39:45","date_gmt":"2023-09-12T11:39:45","guid":{"rendered":"https:\/\/wd-space.com\/?page_id=153"},"modified":"2026-03-19T16:23:58","modified_gmt":"2026-03-19T16:23:58","slug":"formular-client","status":"publish","type":"page","link":"https:\/\/wd-space.com\/en\/formular-client\/","title":{"rendered":"Formular Kunden"},"content":{"rendered":"\t\t<div data-elementor-type=\"wp-page\" data-elementor-id=\"153\" class=\"elementor elementor-153\" data-elementor-post-type=\"page\">\n\t\t\t\t<div class=\"elementor-element elementor-element-516229d e-con-full elementor-hidden-tablet elementor-hidden-mobile e-flex e-con e-parent\" data-id=\"516229d\" data-element_type=\"container\" data-e-type=\"container\" data-settings=\"{&quot;background_background&quot;:&quot;classic&quot;,&quot;shape_divider_bottom&quot;:&quot;tilt&quot;}\">\n\t\t\t\t<div class=\"elementor-shape elementor-shape-bottom\" aria-hidden=\"true\" data-negative=\"false\">\n\t\t\t<svg xmlns=\"http:\/\/www.w3.org\/2000\/svg\" viewBox=\"0 0 1000 100\" preserveAspectRatio=\"none\">\n\t<path class=\"elementor-shape-fill\" d=\"M0,6V0h1000v100L0,6z\"\/>\n<\/svg>\t\t<\/div>\n\t\t<div class=\"elementor-element elementor-element-62889ef e-flex e-con-boxed e-con e-child\" data-id=\"62889ef\" data-element_type=\"container\" data-e-type=\"container\">\n\t\t\t\t\t<div class=\"e-con-inner\">\n\t\t\t\t\t<\/div>\n\t\t\t\t<\/div>\n\t\t\t\t<\/div>\n\t\t<div class=\"elementor-element elementor-element-8656f37 e-flex e-con-boxed e-con e-parent\" data-id=\"8656f37\" data-element_type=\"container\" data-e-type=\"container\">\n\t\t\t\t\t<div class=\"e-con-inner\">\n\t\t<div class=\"elementor-element elementor-element-b87d6d6 e-con-full e-flex e-con e-child\" data-id=\"b87d6d6\" data-element_type=\"container\" data-e-type=\"container\">\n\t\t\t\t<div class=\"elementor-element elementor-element-f5031ae elementor-widget elementor-widget-heading\" data-id=\"f5031ae\" data-element_type=\"widget\" data-e-type=\"widget\" data-widget_type=\"heading.default\">\n\t\t\t\t<div class=\"elementor-widget-container\">\n\t\t\t\t\t<h1 class=\"elementor-heading-title elementor-size-default\">Dein Ziel ist nur einen Schritt entfernt!<\/h1>\t\t\t\t<\/div>\n\t\t\t\t<\/div>\n\t\t\t\t<div class=\"elementor-element elementor-element-08175d6 elementor-widget elementor-widget-text-editor\" data-id=\"08175d6\" data-element_type=\"widget\" data-e-type=\"widget\" data-widget_type=\"text-editor.default\">\n\t\t\t\t<div class=\"elementor-widget-container\">\n\t\t\t\t\t\t\t\t\t<p>Du bist kurz davor, dein Leben nachhaltig zu ver\u00e4ndern! F\u00fclle dieses kurze Formular aus, damit wir ein kostenloses Erstgespr\u00e4ch vereinbaren k\u00f6nnen.<\/p>\t\t\t\t\t\t\t\t<\/div>\n\t\t\t\t<\/div>\n\t\t\t\t<\/div>\n\t\t<div class=\"elementor-element elementor-element-bf4149f e-flex e-con-boxed e-con e-child\" data-id=\"bf4149f\" data-element_type=\"container\" data-e-type=\"container\" data-settings=\"{&quot;background_background&quot;:&quot;classic&quot;}\">\n\t\t\t\t\t<div class=\"e-con-inner\">\n\t\t\t\t<div class=\"elementor-element elementor-element-683012b elementor-button-align-end elementor-widget__width-initial elementor-widget elementor-widget-form\" data-id=\"683012b\" data-element_type=\"widget\" data-e-type=\"widget\" data-settings=\"{&quot;step_next_label&quot;:&quot;weiter&quot;,&quot;step_previous_label&quot;:&quot;zur\\u00fcck&quot;,&quot;step_icon_shape&quot;:&quot;rounded&quot;,&quot;button_width&quot;:&quot;100&quot;,&quot;step_type&quot;:&quot;number_text&quot;}\" data-widget_type=\"form.default\">\n\t\t\t\t<div class=\"elementor-widget-container\">\n\t\t\t\t\t\t\t<form class=\"elementor-form\" method=\"post\" name=\"Formular Kunden\" aria-label=\"Formular Kunden\">\n\t\t\t<input type=\"hidden\" name=\"post_id\" value=\"153\"\/>\n\t\t\t<input type=\"hidden\" name=\"form_id\" value=\"683012b\"\/>\n\t\t\t<input type=\"hidden\" name=\"referer_title\" value=\"Formular Kunden - WD Space\" \/>\n\n\t\t\t\t\t\t\t<input type=\"hidden\" name=\"queried_id\" value=\"153\"\/>\n\t\t\t\n\t\t\t<div class=\"elementor-form-fields-wrapper elementor-labels-above\">\n\t\t\t\t\t\t\t\t<div class=\"elementor-field-type-step elementor-field-group elementor-column elementor-field-group-field_d6dc6f2 elementor-col-100\">\n\t\t\t\t\t\t\t<div class=\"e-field-step elementor-hidden\" data-label=\"\" data-previousButton=\"\" data-nextButton=\"\" data-iconUrl=\"\" data-iconLibrary=\"fas fa-star\" data-icon=\"\" ><\/div>\n\n\t\t\t\t\t\t<\/div>\n\t\t\t\t\t\t\t\t<div class=\"elementor-field-type-checkbox elementor-field-group elementor-column elementor-field-group-field_f883731 elementor-col-100 elementor-sm-100\">\n\t\t\t\t\t\t\t\t\t\t\t\t<label for=\"form-field-field_f883731\" class=\"elementor-field-label\">\n\t\t\t\t\t\t\t\tWas ist dein Ziel?\t\t\t\t\t\t\t<\/label>\n\t\t\t\t\t\t<div class=\"elementor-field-subgroup  \"><span class=\"elementor-field-option\"><input type=\"checkbox\" value=\" Ich m\u00f6chte mich ges\u00fcnder und fitter f\u00fchlen\" id=\"form-field-field_f883731-0\" name=\"form_fields[field_f883731][]\"> <label for=\"form-field-field_f883731-0\"> Ich m\u00f6chte mich ges\u00fcnder und fitter f\u00fchlen<\/label><\/span><span class=\"elementor-field-option\"><input type=\"checkbox\" value=\"Ich m\u00f6chte mich wohler in meinem K\u00f6rper f\u00fchlen\" id=\"form-field-field_f883731-1\" name=\"form_fields[field_f883731][]\"> <label for=\"form-field-field_f883731-1\">Ich m\u00f6chte mich wohler in meinem K\u00f6rper f\u00fchlen<\/label><\/span><span class=\"elementor-field-option\"><input type=\"checkbox\" value=\"Ich m\u00f6chte schmerzfrei und beweglicher sein\" id=\"form-field-field_f883731-2\" name=\"form_fields[field_f883731][]\"> <label for=\"form-field-field_f883731-2\">Ich m\u00f6chte schmerzfrei und beweglicher sein<\/label><\/span><span class=\"elementor-field-option\"><input type=\"checkbox\" value=\" Ich m\u00f6chte meine Kraft und Ausdauer verbessern\" id=\"form-field-field_f883731-3\" name=\"form_fields[field_f883731][]\"> <label for=\"form-field-field_f883731-3\"> Ich m\u00f6chte meine Kraft und Ausdauer verbessern<\/label><\/span><span class=\"elementor-field-option\"><input type=\"checkbox\" value=\"sonstiges\" id=\"form-field-field_f883731-4\" name=\"form_fields[field_f883731][]\"> <label for=\"form-field-field_f883731-4\">sonstiges<\/label><\/span><\/div>\t\t\t\t<\/div>\n\t\t\t\t\t\t\t\t<div class=\"elementor-field-type-checkbox elementor-field-group elementor-column elementor-field-group-field_12bc5fd elementor-col-100 elementor-sm-100\">\n\t\t\t\t\t\t\t\t\t\t\t\t<label for=\"form-field-field_12bc5fd\" class=\"elementor-field-label\">\n\t\t\t\t\t\t\t\tHast du bereits Trainingserfahrung?\t\t\t\t\t\t\t<\/label>\n\t\t\t\t\t\t<div class=\"elementor-field-subgroup  \"><span class=\"elementor-field-option\"><input type=\"checkbox\" value=\"Nein, ich bin kompletter Anf\u00e4nger\" id=\"form-field-field_12bc5fd-0\" name=\"form_fields[field_12bc5fd][]\"> <label for=\"form-field-field_12bc5fd-0\">Nein, ich bin kompletter Anf\u00e4nger<\/label><\/span><span class=\"elementor-field-option\"><input type=\"checkbox\" value=\"Ja, aber nur wenig Erfahrung\" id=\"form-field-field_12bc5fd-1\" name=\"form_fields[field_12bc5fd][]\"> <label for=\"form-field-field_12bc5fd-1\">Ja, aber nur wenig Erfahrung<\/label><\/span><span class=\"elementor-field-option\"><input type=\"checkbox\" value=\"Ja, ich trainiere unregelm\u00e4\u00dfig\" id=\"form-field-field_12bc5fd-2\" name=\"form_fields[field_12bc5fd][]\"> <label for=\"form-field-field_12bc5fd-2\">Ja, ich trainiere unregelm\u00e4\u00dfig<\/label><\/span><span class=\"elementor-field-option\"><input type=\"checkbox\" value=\"Ja, ich trainiere regelm\u00e4\u00dfig\" id=\"form-field-field_12bc5fd-3\" name=\"form_fields[field_12bc5fd][]\"> <label for=\"form-field-field_12bc5fd-3\">Ja, ich trainiere regelm\u00e4\u00dfig<\/label><\/span><\/div>\t\t\t\t<\/div>\n\t\t\t\t\t\t\t\t<div class=\"elementor-field-type-text elementor-field-group elementor-column elementor-field-group-field_710a759 elementor-col-100 elementor-sm-100\">\n\t\t\t\t\t\t\t\t\t\t\t\t<label for=\"form-field-field_710a759\" class=\"elementor-field-label\">\n\t\t\t\t\t\t\t\tM\u00f6chtest du uns noch etwas mitteilen?\t\t\t\t\t\t\t<\/label>\n\t\t\t\t\t\t\t\t\t\t\t\t\t\t<input size=\"1\" type=\"text\" name=\"form_fields[field_710a759]\" id=\"form-field-field_710a759\" class=\"elementor-field elementor-size-sm  elementor-field-textual\">\n\t\t\t\t\t\t\t\t\t\t\t<\/div>\n\t\t\t\t\t\t\t\t<div class=\"elementor-field-type-step elementor-field-group elementor-column elementor-field-group-field_15f3825 elementor-col-100\">\n\t\t\t\t\t\t\t<div class=\"e-field-step elementor-hidden\" data-label=\"\" data-previousButton=\"\" data-nextButton=\"\" data-iconUrl=\"\" data-iconLibrary=\"fas fa-star\" data-icon=\"\" ><\/div>\n\n\t\t\t\t\t\t<\/div>\n\t\t\t\t\t\t\t\t<div class=\"elementor-field-type-text elementor-field-group elementor-column elementor-field-group-field_c217789 elementor-col-100\">\n\t\t\t\t\t\t\t\t\t\t\t\t<label for=\"form-field-field_c217789\" class=\"elementor-field-label\">\n\t\t\t\t\t\t\t\tAlter:\t\t\t\t\t\t\t<\/label>\n\t\t\t\t\t\t\t\t\t\t\t\t\t\t<input size=\"1\" type=\"text\" name=\"form_fields[field_c217789]\" id=\"form-field-field_c217789\" class=\"elementor-field elementor-size-sm  elementor-field-textual\">\n\t\t\t\t\t\t\t\t\t\t\t<\/div>\n\t\t\t\t\t\t\t\t<div class=\"elementor-field-type-text elementor-field-group elementor-column elementor-field-group-field_de3a1fe elementor-col-100\">\n\t\t\t\t\t\t\t\t\t\t\t\t<label for=\"form-field-field_de3a1fe\" class=\"elementor-field-label\">\n\t\t\t\t\t\t\t\tGr\u00f6\u00dfe:\t\t\t\t\t\t\t<\/label>\n\t\t\t\t\t\t\t\t\t\t\t\t\t\t<input size=\"1\" type=\"text\" name=\"form_fields[field_de3a1fe]\" id=\"form-field-field_de3a1fe\" class=\"elementor-field elementor-size-sm  elementor-field-textual\">\n\t\t\t\t\t\t\t\t\t\t\t<\/div>\n\t\t\t\t\t\t\t\t<div class=\"elementor-field-type-text elementor-field-group elementor-column elementor-field-group-field_846ac28 elementor-col-100\">\n\t\t\t\t\t\t\t\t\t\t\t\t<label for=\"form-field-field_846ac28\" class=\"elementor-field-label\">\n\t\t\t\t\t\t\t\tGewicht\t\t\t\t\t\t\t<\/label>\n\t\t\t\t\t\t\t\t\t\t\t\t\t\t<input size=\"1\" type=\"text\" name=\"form_fields[field_846ac28]\" id=\"form-field-field_846ac28\" class=\"elementor-field elementor-size-sm  elementor-field-textual\">\n\t\t\t\t\t\t\t\t\t\t\t<\/div>\n\t\t\t\t\t\t\t\t<div class=\"elementor-field-type-select elementor-field-group elementor-column elementor-field-group-field_855eb86 elementor-col-100 elementor-sm-100\">\n\t\t\t\t\t\t\t\t\t\t\t\t<label for=\"form-field-field_855eb86\" class=\"elementor-field-label\">\n\t\t\t\t\t\t\t\tBevorzugtes Geschlecht des Trainers\t\t\t\t\t\t\t<\/label>\n\t\t\t\t\t\t\t\t<div class=\"elementor-field elementor-select-wrapper remove-before \">\n\t\t\t<div class=\"select-caret-down-wrapper\">\n\t\t\t\t<i aria-hidden=\"true\" class=\"eicon-caret-down\"><\/i>\t\t\t<\/div>\n\t\t\t<select name=\"form_fields[field_855eb86]\" id=\"form-field-field_855eb86\" class=\"elementor-field-textual elementor-size-sm\">\n\t\t\t\t\t\t\t\t\t<option value=\"nicht wichtig \">nicht wichtig <\/option>\n\t\t\t\t\t\t\t\t\t<option value=\"Weiblich\">Weiblich<\/option>\n\t\t\t\t\t\t\t\t\t<option value=\"M\u00e4nnlich\">M\u00e4nnlich<\/option>\n\t\t\t\t\t\t\t<\/select>\n\t\t<\/div>\n\t\t\t\t\t\t<\/div>\n\t\t\t\t\t\t\t\t<div class=\"elementor-field-type-step elementor-field-group elementor-column elementor-field-group-field_a80dad6 elementor-col-100\">\n\t\t\t\t\t\t\t<div class=\"e-field-step elementor-hidden\" data-label=\"\" data-previousButton=\"\" data-nextButton=\"\" data-iconUrl=\"\" data-iconLibrary=\"fas fa-star\" data-icon=\"\" ><\/div>\n\n\t\t\t\t\t\t<\/div>\n\t\t\t\t\t\t\t\t<div class=\"elementor-field-type-text elementor-field-group elementor-column elementor-field-group-formname elementor-col-100 elementor-field-required elementor-mark-required\">\n\t\t\t\t\t\t\t\t\t\t\t\t<label for=\"form-field-formname\" class=\"elementor-field-label\">\n\t\t\t\t\t\t\t\tVor- und Nachname\t\t\t\t\t\t\t<\/label>\n\t\t\t\t\t\t\t\t\t\t\t\t\t\t<input size=\"1\" type=\"text\" name=\"form_fields[formname]\" id=\"form-field-formname\" class=\"elementor-field elementor-size-sm  elementor-field-textual\" required=\"required\">\n\t\t\t\t\t\t\t\t\t\t\t<\/div>\n\t\t\t\t\t\t\t\t<div class=\"elementor-field-type-tel elementor-field-group elementor-column elementor-field-group-field_f5e3ae1 elementor-col-100\">\n\t\t\t\t\t\t\t\t\t\t\t\t<label for=\"form-field-field_f5e3ae1\" class=\"elementor-field-label\">\n\t\t\t\t\t\t\t\tTelefon\t\t\t\t\t\t\t<\/label>\n\t\t\t\t\t\t\t\t<input size=\"1\" type=\"tel\" name=\"form_fields[field_f5e3ae1]\" id=\"form-field-field_f5e3ae1\" class=\"elementor-field elementor-size-sm  elementor-field-textual\" placeholder=\"f\u00fcr Terminabstimmung zum Erstgespr\u00e4ch\" pattern=\"[0-9()#&amp;+*-=.]+\" title=\"Only numbers and phone characters (#, -, *, etc) are accepted.\">\n\n\t\t\t\t\t\t<\/div>\n\t\t\t\t\t\t\t\t<div class=\"elementor-field-type-email elementor-field-group elementor-column elementor-field-group-email elementor-col-100 elementor-field-required elementor-mark-required\">\n\t\t\t\t\t\t\t\t\t\t\t\t<label for=\"form-field-email\" class=\"elementor-field-label\">\n\t\t\t\t\t\t\t\tE-Mail\t\t\t\t\t\t\t<\/label>\n\t\t\t\t\t\t\t\t\t\t\t\t\t\t<input size=\"1\" type=\"email\" name=\"form_fields[email]\" id=\"form-field-email\" class=\"elementor-field elementor-size-sm  elementor-field-textual\" required=\"required\">\n\t\t\t\t\t\t\t\t\t\t\t<\/div>\n\t\t\t\t\t\t\t\t<div class=\"elementor-field-type-step elementor-field-group elementor-column elementor-field-group-field_e7a6bf8 elementor-col-100\">\n\t\t\t\t\t\t\t<div class=\"e-field-step elementor-hidden\" data-label=\"\" data-previousButton=\"\" data-nextButton=\"\" data-iconUrl=\"\" data-iconLibrary=\"fas fa-star\" data-icon=\"\" ><\/div>\n\n\t\t\t\t\t\t<\/div>\n\t\t\t\t\t\t\t\t<div class=\"elementor-field-type-checkbox elementor-field-group elementor-column elementor-field-group-field_3595e53 elementor-col-100 elementor-sm-100\">\n\t\t\t\t\t\t\t\t\t\t\t\t<label for=\"form-field-field_3595e53\" class=\"elementor-field-label\">\n\t\t\t\t\t\t\t\tWie hast du von WD Space erfahren?\t\t\t\t\t\t\t<\/label>\n\t\t\t\t\t\t<div class=\"elementor-field-subgroup  \"><span class=\"elementor-field-option\"><input type=\"checkbox\" value=\"Google\" id=\"form-field-field_3595e53-0\" name=\"form_fields[field_3595e53][]\"> <label for=\"form-field-field_3595e53-0\">Google<\/label><\/span><span class=\"elementor-field-option\"><input type=\"checkbox\" value=\"Empfehlung \" id=\"form-field-field_3595e53-1\" name=\"form_fields[field_3595e53][]\"> <label for=\"form-field-field_3595e53-1\">Empfehlung <\/label><\/span><span class=\"elementor-field-option\"><input type=\"checkbox\" value=\"Social Media \" id=\"form-field-field_3595e53-2\" name=\"form_fields[field_3595e53][]\"> <label for=\"form-field-field_3595e53-2\">Social Media <\/label><\/span><span class=\"elementor-field-option\"><input type=\"checkbox\" value=\"Sportsmed.berlin\" id=\"form-field-field_3595e53-3\" name=\"form_fields[field_3595e53][]\"> <label for=\"form-field-field_3595e53-3\">Sportsmed.berlin<\/label><\/span><span class=\"elementor-field-option\"><input type=\"checkbox\" value=\"Sonstiges\" id=\"form-field-field_3595e53-4\" name=\"form_fields[field_3595e53][]\"> <label for=\"form-field-field_3595e53-4\">Sonstiges<\/label><\/span><\/div>\t\t\t\t<\/div>\n\t\t\t\t\t\t\t\t<div class=\"elementor-field-group elementor-column elementor-field-type-submit elementor-col-100 e-form__buttons\">\n\t\t\t\t\t<button class=\"elementor-button elementor-size-sm elementor-animation-grow\" type=\"submit\">\n\t\t\t\t\t\t<span class=\"elementor-button-content-wrapper\">\n\t\t\t\t\t\t\t\t\t\t\t\t\t\t\t\t\t\t\t\t\t\t<span class=\"elementor-button-text\">absenden<\/span>\n\t\t\t\t\t\t\t\t\t\t\t\t\t<\/span>\n\t\t\t\t\t<\/button>\n\t\t\t\t<\/div>\n\t\t\t<\/div>\n\t\t<\/form>\n\t\t\t\t\t\t<\/div>\n\t\t\t\t<\/div>\n\t\t\t\t\t<\/div>\n\t\t\t\t<\/div>\n\t\t\t\t\t<\/div>\n\t\t\t\t<\/div>\n\t\t\t\t<\/div>\n\t\t","protected":false},"excerpt":{"rendered":"<p>Dein Ziel ist nur einen Schritt entfernt! Du bist kurz davor, dein Leben nachhaltig zu ver\u00e4ndern! F\u00fclle dieses kurze Formular aus, damit wir ein kostenloses Erstgespr\u00e4ch vereinbaren k\u00f6nnen.<\/p>","protected":false},"author":1,"featured_media":0,"parent":0,"menu_order":0,"comment_status":"closed","ping_status":"closed","template":"","meta":{"footnotes":""},"categories":[],"tags":[],"class_list":["post-153","page","type-page","status-publish","hentry"],"yoast_head":"<!-- This site is optimized with the Yoast SEO plugin v27.4 - https:\/\/yoast.com\/product\/yoast-seo-wordpress\/ -->\n<title>Formular Kunden - WD Space<\/title>\n<meta name=\"robots\" content=\"noindex, follow\" \/>\n<meta property=\"og:locale\" content=\"en_GB\" \/>\n<meta property=\"og:type\" content=\"article\" \/>\n<meta property=\"og:title\" content=\"Formular Kunden - WD Space\" \/>\n<meta property=\"og:description\" content=\"Dein Ziel ist nur einen Schritt entfernt! Du bist kurz davor, dein Leben nachhaltig zu ver\u00e4ndern! F\u00fclle dieses kurze Formular aus, damit wir ein kostenloses Erstgespr\u00e4ch vereinbaren k\u00f6nnen.\" \/>\n<meta property=\"og:url\" content=\"https:\/\/wd-space.com\/en\/formular-client\/\" \/>\n<meta property=\"og:site_name\" content=\"WD Space\" \/>\n<meta property=\"article:modified_time\" content=\"2026-03-19T16:23:58+00:00\" \/>\n<meta name=\"twitter:card\" content=\"summary_large_image\" \/>\n<meta name=\"twitter:label1\" content=\"Estimated reading time\" \/>\n\t<meta name=\"twitter:data1\" content=\"1 minute\" \/>\n<script type=\"application\/ld+json\" class=\"yoast-schema-graph\">{\"@context\":\"https:\\\/\\\/schema.org\",\"@graph\":[{\"@type\":\"WebPage\",\"@id\":\"https:\\\/\\\/wd-space.com\\\/formular-client\\\/\",\"url\":\"https:\\\/\\\/wd-space.com\\\/formular-client\\\/\",\"name\":\"Formular Kunden - WD Space\",\"isPartOf\":{\"@id\":\"https:\\\/\\\/wd-space.com\\\/#website\"},\"datePublished\":\"2023-09-12T11:39:45+00:00\",\"dateModified\":\"2026-03-19T16:23:58+00:00\",\"breadcrumb\":{\"@id\":\"https:\\\/\\\/wd-space.com\\\/formular-client\\\/#breadcrumb\"},\"inLanguage\":\"en-GB\",\"potentialAction\":[{\"@type\":\"ReadAction\",\"target\":[\"https:\\\/\\\/wd-space.com\\\/formular-client\\\/\"]}]},{\"@type\":\"BreadcrumbList\",\"@id\":\"https:\\\/\\\/wd-space.com\\\/formular-client\\\/#breadcrumb\",\"itemListElement\":[{\"@type\":\"ListItem\",\"position\":1,\"name\":\"Home\",\"item\":\"https:\\\/\\\/wd-space.com\\\/\"},{\"@type\":\"ListItem\",\"position\":2,\"name\":\"Formular Kunden\"}]},{\"@type\":\"WebSite\",\"@id\":\"https:\\\/\\\/wd-space.com\\\/#website\",\"url\":\"https:\\\/\\\/wd-space.com\\\/\",\"name\":\"WD Space\",\"description\":\"Boutique Studio\",\"publisher\":{\"@id\":\"https:\\\/\\\/wd-space.com\\\/#organization\"},\"potentialAction\":[{\"@type\":\"SearchAction\",\"target\":{\"@type\":\"EntryPoint\",\"urlTemplate\":\"https:\\\/\\\/wd-space.com\\\/?s={search_term_string}\"},\"query-input\":{\"@type\":\"PropertyValueSpecification\",\"valueRequired\":true,\"valueName\":\"search_term_string\"}}],\"inLanguage\":\"en-GB\"},{\"@type\":\"Organization\",\"@id\":\"https:\\\/\\\/wd-space.com\\\/#organization\",\"name\":\"WD Space\",\"url\":\"https:\\\/\\\/wd-space.com\\\/\",\"logo\":{\"@type\":\"ImageObject\",\"inLanguage\":\"en-GB\",\"@id\":\"https:\\\/\\\/wd-space.com\\\/#\\\/schema\\\/logo\\\/image\\\/\",\"url\":\"https:\\\/\\\/wd-space.com\\\/wp-content\\\/uploads\\\/2023\\\/08\\\/WD_Space_Logo_black_webRZ.png\",\"contentUrl\":\"https:\\\/\\\/wd-space.com\\\/wp-content\\\/uploads\\\/2023\\\/08\\\/WD_Space_Logo_black_webRZ.png\",\"width\":886,\"height\":665,\"caption\":\"WD Space\"},\"image\":{\"@id\":\"https:\\\/\\\/wd-space.com\\\/#\\\/schema\\\/logo\\\/image\\\/\"},\"sameAs\":[\"https:\\\/\\\/www.instagram.com\\\/wd.space\\\/?igshid=MjEwN2IyYWYwYw\"]}]}<\/script>\n<!-- \/ Yoast SEO plugin. -->","yoast_head_json":{"title":"Formular Kunden - WD Space","robots":{"index":"noindex","follow":"follow"},"og_locale":"en_GB","og_type":"article","og_title":"Formular Kunden - WD Space","og_description":"Dein Ziel ist nur einen Schritt entfernt! Du bist kurz davor, dein Leben nachhaltig zu ver\u00e4ndern! F\u00fclle dieses kurze Formular aus, damit wir ein kostenloses Erstgespr\u00e4ch vereinbaren k\u00f6nnen.","og_url":"https:\/\/wd-space.com\/en\/formular-client\/","og_site_name":"WD Space","article_modified_time":"2026-03-19T16:23:58+00:00","twitter_card":"summary_large_image","twitter_misc":{"Estimated reading time":"1 minute"},"schema":{"@context":"https:\/\/schema.org","@graph":[{"@type":"WebPage","@id":"https:\/\/wd-space.com\/formular-client\/","url":"https:\/\/wd-space.com\/formular-client\/","name":"Formular Kunden - WD Space","isPartOf":{"@id":"https:\/\/wd-space.com\/#website"},"datePublished":"2023-09-12T11:39:45+00:00","dateModified":"2026-03-19T16:23:58+00:00","breadcrumb":{"@id":"https:\/\/wd-space.com\/formular-client\/#breadcrumb"},"inLanguage":"en-GB","potentialAction":[{"@type":"ReadAction","target":["https:\/\/wd-space.com\/formular-client\/"]}]},{"@type":"BreadcrumbList","@id":"https:\/\/wd-space.com\/formular-client\/#breadcrumb","itemListElement":[{"@type":"ListItem","position":1,"name":"Home","item":"https:\/\/wd-space.com\/"},{"@type":"ListItem","position":2,"name":"Formular Kunden"}]},{"@type":"WebSite","@id":"https:\/\/wd-space.com\/#website","url":"https:\/\/wd-space.com\/","name":"WD Space","description":"Boutique Studio","publisher":{"@id":"https:\/\/wd-space.com\/#organization"},"potentialAction":[{"@type":"SearchAction","target":{"@type":"EntryPoint","urlTemplate":"https:\/\/wd-space.com\/?s={search_term_string}"},"query-input":{"@type":"PropertyValueSpecification","valueRequired":true,"valueName":"search_term_string"}}],"inLanguage":"en-GB"},{"@type":"Organization","@id":"https:\/\/wd-space.com\/#organization","name":"WD Space","url":"https:\/\/wd-space.com\/","logo":{"@type":"ImageObject","inLanguage":"en-GB","@id":"https:\/\/wd-space.com\/#\/schema\/logo\/image\/","url":"https:\/\/wd-space.com\/wp-content\/uploads\/2023\/08\/WD_Space_Logo_black_webRZ.png","contentUrl":"https:\/\/wd-space.com\/wp-content\/uploads\/2023\/08\/WD_Space_Logo_black_webRZ.png","width":886,"height":665,"caption":"WD Space"},"image":{"@id":"https:\/\/wd-space.com\/#\/schema\/logo\/image\/"},"sameAs":["https:\/\/www.instagram.com\/wd.space\/?igshid=MjEwN2IyYWYwYw"]}]}},"_links":{"self":[{"href":"https:\/\/wd-space.com\/en\/wp-json\/wp\/v2\/pages\/153","targetHints":{"allow":["GET"]}}],"collection":[{"href":"https:\/\/wd-space.com\/en\/wp-json\/wp\/v2\/pages"}],"about":[{"href":"https:\/\/wd-space.com\/en\/wp-json\/wp\/v2\/types\/page"}],"author":[{"embeddable":true,"href":"https:\/\/wd-space.com\/en\/wp-json\/wp\/v2\/users\/1"}],"replies":[{"embeddable":true,"href":"https:\/\/wd-space.com\/en\/wp-json\/wp\/v2\/comments?post=153"}],"version-history":[{"count":103,"href":"https:\/\/wd-space.com\/en\/wp-json\/wp\/v2\/pages\/153\/revisions"}],"predecessor-version":[{"id":1491,"href":"https:\/\/wd-space.com\/en\/wp-json\/wp\/v2\/pages\/153\/revisions\/1491"}],"wp:attachment":[{"href":"https:\/\/wd-space.com\/en\/wp-json\/wp\/v2\/media?parent=153"}],"wp:term":[{"taxonomy":"category","embeddable":true,"href":"https:\/\/wd-space.com\/en\/wp-json\/wp\/v2\/categories?post=153"},{"taxonomy":"post_tag","embeddable":true,"href":"https:\/\/wd-space.com\/en\/wp-json\/wp\/v2\/tags?post=153"}],"curies":[{"name":"wp","href":"https:\/\/api.w.org\/{rel}","templated":true}]}}