{"id":341,"date":"2023-10-01T10:59:59","date_gmt":"2023-10-01T10:59:59","guid":{"rendered":"https:\/\/wd-space.com\/?page_id=341"},"modified":"2026-03-19T15:54:22","modified_gmt":"2026-03-19T15:54:22","slug":"bewerbung","status":"publish","type":"page","link":"https:\/\/wd-space.com\/en\/bewerbung\/","title":{"rendered":"Formular Trainer"},"content":{"rendered":"\t\t<div data-elementor-type=\"wp-page\" data-elementor-id=\"341\" class=\"elementor elementor-341\" data-elementor-post-type=\"page\">\n\t\t\t\t<div class=\"elementor-element elementor-element-a51a51b e-flex e-con-boxed e-con e-parent\" data-id=\"a51a51b\" data-element_type=\"container\" data-e-type=\"container\" data-settings=\"{&quot;background_background&quot;:&quot;classic&quot;}\">\n\t\t\t\t\t<div class=\"e-con-inner\">\n\t\t\t\t<div class=\"elementor-element elementor-element-cc0a0cf elementor-widget elementor-widget-heading\" data-id=\"cc0a0cf\" data-element_type=\"widget\" data-e-type=\"widget\" data-widget_type=\"heading.default\">\n\t\t\t\t<div class=\"elementor-widget-container\">\n\t\t\t\t\t<h2 class=\"elementor-heading-title elementor-size-default\">Werde Teil unseres Teams<\/h2>\t\t\t\t<\/div>\n\t\t\t\t<\/div>\n\t\t\t\t<div class=\"elementor-element elementor-element-3d58f3c elementor-widget elementor-widget-text-editor\" data-id=\"3d58f3c\" data-element_type=\"widget\" data-e-type=\"widget\" data-widget_type=\"text-editor.default\">\n\t\t\t\t<div class=\"elementor-widget-container\">\n\t\t\t\t\t\t\t\t\t<p>Wir freuen uns sehr \u00fcber dein Interesse, Teil unseres Teams zu werden. Bitte f\u00fclle das folgende Formular sorgf\u00e4ltig aus, um deine Bewerbung abzuschlie\u00dfen. Wir melden uns bei dir innerhalb von 2 Arbeitstage zur\u00fcck<\/p>\t\t\t\t\t\t\t\t<\/div>\n\t\t\t\t<\/div>\n\t\t\t\t\t<\/div>\n\t\t\t\t<\/div>\n\t\t<div class=\"elementor-element elementor-element-ffcf7a6 e-con-full e-flex e-con e-parent\" data-id=\"ffcf7a6\" data-element_type=\"container\" data-e-type=\"container\" data-settings=\"{&quot;background_background&quot;:&quot;classic&quot;}\">\n\t\t<div class=\"elementor-element elementor-element-e140bff e-con-full e-flex e-con e-child\" data-id=\"e140bff\" data-element_type=\"container\" data-e-type=\"container\">\n\t\t\t\t<div class=\"elementor-element elementor-element-2c00e87 elementor-button-align-end elementor-widget__width-initial elementor-widget elementor-widget-form\" data-id=\"2c00e87\" data-element_type=\"widget\" data-e-type=\"widget\" data-settings=\"{&quot;step_next_label&quot;:&quot;weiter&quot;,&quot;step_previous_label&quot;:&quot;zur\\u00fcck&quot;,&quot;step_icon_shape&quot;:&quot;rounded&quot;,&quot;step_type&quot;:&quot;none&quot;,&quot;button_width&quot;:&quot;100&quot;}\" data-widget_type=\"form.default\">\n\t\t\t\t<div class=\"elementor-widget-container\">\n\t\t\t\t\t\t\t<form class=\"elementor-form\" method=\"post\" name=\"Formular Trainer\" aria-label=\"Formular Trainer\">\n\t\t\t<input type=\"hidden\" name=\"post_id\" value=\"341\"\/>\n\t\t\t<input type=\"hidden\" name=\"form_id\" value=\"2c00e87\"\/>\n\t\t\t<input type=\"hidden\" name=\"referer_title\" value=\"Formular Trainer - WD Space\" \/>\n\n\t\t\t\t\t\t\t<input type=\"hidden\" name=\"queried_id\" value=\"341\"\/>\n\t\t\t\n\t\t\t<div class=\"elementor-form-fields-wrapper elementor-labels-above\">\n\t\t\t\t\t\t\t\t<div class=\"elementor-field-type-text elementor-field-group elementor-column elementor-field-group-formname elementor-col-100 elementor-field-required elementor-mark-required\">\n\t\t\t\t\t\t\t\t\t\t\t\t<label for=\"form-field-formname\" class=\"elementor-field-label\">\n\t\t\t\t\t\t\t\tVorname\t\t\t\t\t\t\t<\/label>\n\t\t\t\t\t\t\t\t\t\t\t\t\t\t<input size=\"1\" type=\"text\" name=\"form_fields[formname]\" id=\"form-field-formname\" class=\"elementor-field elementor-size-sm  elementor-field-textual\" required=\"required\">\n\t\t\t\t\t\t\t\t\t\t\t<\/div>\n\t\t\t\t\t\t\t\t<div class=\"elementor-field-type-text elementor-field-group elementor-column elementor-field-group-field_d846923 elementor-col-100 elementor-field-required elementor-mark-required\">\n\t\t\t\t\t\t\t\t\t\t\t\t<label for=\"form-field-field_d846923\" class=\"elementor-field-label\">\n\t\t\t\t\t\t\t\tNachname\t\t\t\t\t\t\t<\/label>\n\t\t\t\t\t\t\t\t\t\t\t\t\t\t<input size=\"1\" type=\"text\" name=\"form_fields[field_d846923]\" id=\"form-field-field_d846923\" class=\"elementor-field elementor-size-sm  elementor-field-textual\" required=\"required\">\n\t\t\t\t\t\t\t\t\t\t\t<\/div>\n\t\t\t\t\t\t\t\t<div class=\"elementor-field-type-email elementor-field-group elementor-column elementor-field-group-email elementor-col-100 elementor-field-required elementor-mark-required\">\n\t\t\t\t\t\t\t\t\t\t\t\t<label for=\"form-field-email\" class=\"elementor-field-label\">\n\t\t\t\t\t\t\t\tE-Mail\t\t\t\t\t\t\t<\/label>\n\t\t\t\t\t\t\t\t\t\t\t\t\t\t<input size=\"1\" type=\"email\" name=\"form_fields[email]\" id=\"form-field-email\" class=\"elementor-field elementor-size-sm  elementor-field-textual\" required=\"required\">\n\t\t\t\t\t\t\t\t\t\t\t<\/div>\n\t\t\t\t\t\t\t\t<div class=\"elementor-field-type-textarea elementor-field-group elementor-column elementor-field-group-field_899a76d elementor-col-100\">\n\t\t\t\t\t\t\t\t\t\t\t\t<label for=\"form-field-field_899a76d\" class=\"elementor-field-label\">\n\t\t\t\t\t\t\t\tNachricht hinterlassen:\t\t\t\t\t\t\t<\/label>\n\t\t\t\t\t\t<textarea class=\"elementor-field-textual elementor-field  elementor-size-sm\" name=\"form_fields[field_899a76d]\" id=\"form-field-field_899a76d\" rows=\"4\"><\/textarea>\t\t\t\t<\/div>\n\t\t\t\t\t\t\t\t<div class=\"elementor-field-type-upload elementor-field-group elementor-column elementor-field-group-field_4c86bd0 elementor-col-100\">\n\t\t\t\t\t\t\t\t\t\t\t\t<label for=\"form-field-field_4c86bd0\" class=\"elementor-field-label\">\n\t\t\t\t\t\t\t\tF\u00fcge dein Lebenslauf hinzu (optional)\t\t\t\t\t\t\t<\/label>\n\t\t\t\t\t\t\t\t<input type=\"file\" name=\"form_fields[field_4c86bd0]\" id=\"form-field-field_4c86bd0\" class=\"elementor-field elementor-size-sm  elementor-upload-field\">\n\n\t\t\t\t\t\t<\/div>\n\t\t\t\t\t\t\t\t<div class=\"elementor-field-type-recaptcha_v3 elementor-field-group elementor-column elementor-field-group-field_4ea0eea elementor-col-100 recaptcha_v3-bottomright\">\n\t\t\t\t\t<div class=\"elementor-field\" id=\"form-field-field_4ea0eea\"><div class=\"elementor-g-recaptcha\" data-sitekey=\"6LdRJK8qAAAAAP9GMzC9p72DTzEgm5PwA9DsuT6-\" data-type=\"v3\" data-action=\"Form\" data-badge=\"bottomright\" data-size=\"invisible\"><\/div><\/div>\t\t\t\t<\/div>\n\t\t\t\t\t\t\t\t<div class=\"elementor-field-group elementor-column elementor-field-type-submit elementor-col-100 e-form__buttons\">\n\t\t\t\t\t<button class=\"elementor-button elementor-size-sm elementor-animation-grow\" type=\"submit\">\n\t\t\t\t\t\t<span class=\"elementor-button-content-wrapper\">\n\t\t\t\t\t\t\t\t\t\t\t\t\t\t\t\t\t\t\t\t\t\t<span class=\"elementor-button-text\">absenden<\/span>\n\t\t\t\t\t\t\t\t\t\t\t\t\t<\/span>\n\t\t\t\t\t<\/button>\n\t\t\t\t<\/div>\n\t\t\t<\/div>\n\t\t<\/form>\n\t\t\t\t\t\t<\/div>\n\t\t\t\t<\/div>\n\t\t\t\t<\/div>\n\t\t<div class=\"elementor-element elementor-element-d25866e e-con-full elementor-hidden-mobile e-flex e-con e-child\" data-id=\"d25866e\" data-element_type=\"container\" data-e-type=\"container\" data-settings=\"{&quot;background_background&quot;:&quot;classic&quot;}\">\n\t\t\t\t<\/div>\n\t\t\t\t<\/div>\n\t\t\t\t<\/div>\n\t\t","protected":false},"excerpt":{"rendered":"<p>Werde Teil unseres Teams Wir freuen uns sehr \u00fcber dein Interesse, Teil unseres Teams zu werden. Bitte f\u00fclle das folgende Formular sorgf\u00e4ltig aus, um deine Bewerbung abzuschlie\u00dfen. Wir melden uns bei dir innerhalb von 2 Arbeitstage zur\u00fcck<\/p>","protected":false},"author":1,"featured_media":0,"parent":0,"menu_order":0,"comment_status":"closed","ping_status":"closed","template":"","meta":{"footnotes":""},"categories":[],"tags":[],"class_list":["post-341","page","type-page","status-publish","hentry"],"yoast_head":"<!-- This site is optimized with the Yoast SEO plugin v27.4 - https:\/\/yoast.com\/product\/yoast-seo-wordpress\/ -->\n<title>Formular Trainer - WD Space<\/title>\n<meta name=\"robots\" content=\"noindex, follow\" \/>\n<meta property=\"og:locale\" content=\"en_GB\" \/>\n<meta property=\"og:type\" content=\"article\" \/>\n<meta property=\"og:title\" content=\"Formular Trainer - WD Space\" \/>\n<meta property=\"og:description\" content=\"Werde Teil unseres Teams Wir freuen uns sehr \u00fcber dein Interesse, Teil unseres Teams zu werden. Bitte f\u00fclle das folgende Formular sorgf\u00e4ltig aus, um deine Bewerbung abzuschlie\u00dfen. Wir melden uns bei dir innerhalb von 2 Arbeitstage zur\u00fcck\" \/>\n<meta property=\"og:url\" content=\"https:\/\/wd-space.com\/en\/bewerbung\/\" \/>\n<meta property=\"og:site_name\" content=\"WD Space\" \/>\n<meta property=\"article:modified_time\" content=\"2026-03-19T15:54:22+00:00\" \/>\n<meta name=\"twitter:card\" content=\"summary_large_image\" \/>\n<meta name=\"twitter:label1\" content=\"Estimated reading time\" \/>\n\t<meta name=\"twitter:data1\" content=\"1 minute\" \/>\n<script type=\"application\/ld+json\" class=\"yoast-schema-graph\">{\"@context\":\"https:\\\/\\\/schema.org\",\"@graph\":[{\"@type\":\"WebPage\",\"@id\":\"https:\\\/\\\/wd-space.com\\\/bewerbung\\\/\",\"url\":\"https:\\\/\\\/wd-space.com\\\/bewerbung\\\/\",\"name\":\"Formular Trainer - WD Space\",\"isPartOf\":{\"@id\":\"https:\\\/\\\/wd-space.com\\\/#website\"},\"datePublished\":\"2023-10-01T10:59:59+00:00\",\"dateModified\":\"2026-03-19T15:54:22+00:00\",\"breadcrumb\":{\"@id\":\"https:\\\/\\\/wd-space.com\\\/bewerbung\\\/#breadcrumb\"},\"inLanguage\":\"en-GB\",\"potentialAction\":[{\"@type\":\"ReadAction\",\"target\":[\"https:\\\/\\\/wd-space.com\\\/bewerbung\\\/\"]}]},{\"@type\":\"BreadcrumbList\",\"@id\":\"https:\\\/\\\/wd-space.com\\\/bewerbung\\\/#breadcrumb\",\"itemListElement\":[{\"@type\":\"ListItem\",\"position\":1,\"name\":\"Home\",\"item\":\"https:\\\/\\\/wd-space.com\\\/\"},{\"@type\":\"ListItem\",\"position\":2,\"name\":\"Formular Trainer\"}]},{\"@type\":\"WebSite\",\"@id\":\"https:\\\/\\\/wd-space.com\\\/#website\",\"url\":\"https:\\\/\\\/wd-space.com\\\/\",\"name\":\"WD Space\",\"description\":\"Boutique Studio\",\"publisher\":{\"@id\":\"https:\\\/\\\/wd-space.com\\\/#organization\"},\"potentialAction\":[{\"@type\":\"SearchAction\",\"target\":{\"@type\":\"EntryPoint\",\"urlTemplate\":\"https:\\\/\\\/wd-space.com\\\/?s={search_term_string}\"},\"query-input\":{\"@type\":\"PropertyValueSpecification\",\"valueRequired\":true,\"valueName\":\"search_term_string\"}}],\"inLanguage\":\"en-GB\"},{\"@type\":\"Organization\",\"@id\":\"https:\\\/\\\/wd-space.com\\\/#organization\",\"name\":\"WD Space\",\"url\":\"https:\\\/\\\/wd-space.com\\\/\",\"logo\":{\"@type\":\"ImageObject\",\"inLanguage\":\"en-GB\",\"@id\":\"https:\\\/\\\/wd-space.com\\\/#\\\/schema\\\/logo\\\/image\\\/\",\"url\":\"https:\\\/\\\/wd-space.com\\\/wp-content\\\/uploads\\\/2023\\\/08\\\/WD_Space_Logo_black_webRZ.png\",\"contentUrl\":\"https:\\\/\\\/wd-space.com\\\/wp-content\\\/uploads\\\/2023\\\/08\\\/WD_Space_Logo_black_webRZ.png\",\"width\":886,\"height\":665,\"caption\":\"WD Space\"},\"image\":{\"@id\":\"https:\\\/\\\/wd-space.com\\\/#\\\/schema\\\/logo\\\/image\\\/\"},\"sameAs\":[\"https:\\\/\\\/www.instagram.com\\\/wd.space\\\/?igshid=MjEwN2IyYWYwYw\"]}]}<\/script>\n<!-- \/ Yoast SEO plugin. -->","yoast_head_json":{"title":"Formular Trainer - WD Space","robots":{"index":"noindex","follow":"follow"},"og_locale":"en_GB","og_type":"article","og_title":"Formular Trainer - WD Space","og_description":"Werde Teil unseres Teams Wir freuen uns sehr \u00fcber dein Interesse, Teil unseres Teams zu werden. Bitte f\u00fclle das folgende Formular sorgf\u00e4ltig aus, um deine Bewerbung abzuschlie\u00dfen. Wir melden uns bei dir innerhalb von 2 Arbeitstage zur\u00fcck","og_url":"https:\/\/wd-space.com\/en\/bewerbung\/","og_site_name":"WD Space","article_modified_time":"2026-03-19T15:54:22+00:00","twitter_card":"summary_large_image","twitter_misc":{"Estimated reading time":"1 minute"},"schema":{"@context":"https:\/\/schema.org","@graph":[{"@type":"WebPage","@id":"https:\/\/wd-space.com\/bewerbung\/","url":"https:\/\/wd-space.com\/bewerbung\/","name":"Formular Trainer - WD Space","isPartOf":{"@id":"https:\/\/wd-space.com\/#website"},"datePublished":"2023-10-01T10:59:59+00:00","dateModified":"2026-03-19T15:54:22+00:00","breadcrumb":{"@id":"https:\/\/wd-space.com\/bewerbung\/#breadcrumb"},"inLanguage":"en-GB","potentialAction":[{"@type":"ReadAction","target":["https:\/\/wd-space.com\/bewerbung\/"]}]},{"@type":"BreadcrumbList","@id":"https:\/\/wd-space.com\/bewerbung\/#breadcrumb","itemListElement":[{"@type":"ListItem","position":1,"name":"Home","item":"https:\/\/wd-space.com\/"},{"@type":"ListItem","position":2,"name":"Formular Trainer"}]},{"@type":"WebSite","@id":"https:\/\/wd-space.com\/#website","url":"https:\/\/wd-space.com\/","name":"WD Space","description":"Boutique Studio","publisher":{"@id":"https:\/\/wd-space.com\/#organization"},"potentialAction":[{"@type":"SearchAction","target":{"@type":"EntryPoint","urlTemplate":"https:\/\/wd-space.com\/?s={search_term_string}"},"query-input":{"@type":"PropertyValueSpecification","valueRequired":true,"valueName":"search_term_string"}}],"inLanguage":"en-GB"},{"@type":"Organization","@id":"https:\/\/wd-space.com\/#organization","name":"WD Space","url":"https:\/\/wd-space.com\/","logo":{"@type":"ImageObject","inLanguage":"en-GB","@id":"https:\/\/wd-space.com\/#\/schema\/logo\/image\/","url":"https:\/\/wd-space.com\/wp-content\/uploads\/2023\/08\/WD_Space_Logo_black_webRZ.png","contentUrl":"https:\/\/wd-space.com\/wp-content\/uploads\/2023\/08\/WD_Space_Logo_black_webRZ.png","width":886,"height":665,"caption":"WD Space"},"image":{"@id":"https:\/\/wd-space.com\/#\/schema\/logo\/image\/"},"sameAs":["https:\/\/www.instagram.com\/wd.space\/?igshid=MjEwN2IyYWYwYw"]}]}},"_links":{"self":[{"href":"https:\/\/wd-space.com\/en\/wp-json\/wp\/v2\/pages\/341","targetHints":{"allow":["GET"]}}],"collection":[{"href":"https:\/\/wd-space.com\/en\/wp-json\/wp\/v2\/pages"}],"about":[{"href":"https:\/\/wd-space.com\/en\/wp-json\/wp\/v2\/types\/page"}],"author":[{"embeddable":true,"href":"https:\/\/wd-space.com\/en\/wp-json\/wp\/v2\/users\/1"}],"replies":[{"embeddable":true,"href":"https:\/\/wd-space.com\/en\/wp-json\/wp\/v2\/comments?post=341"}],"version-history":[{"count":26,"href":"https:\/\/wd-space.com\/en\/wp-json\/wp\/v2\/pages\/341\/revisions"}],"predecessor-version":[{"id":1475,"href":"https:\/\/wd-space.com\/en\/wp-json\/wp\/v2\/pages\/341\/revisions\/1475"}],"wp:attachment":[{"href":"https:\/\/wd-space.com\/en\/wp-json\/wp\/v2\/media?parent=341"}],"wp:term":[{"taxonomy":"category","embeddable":true,"href":"https:\/\/wd-space.com\/en\/wp-json\/wp\/v2\/categories?post=341"},{"taxonomy":"post_tag","embeddable":true,"href":"https:\/\/wd-space.com\/en\/wp-json\/wp\/v2\/tags?post=341"}],"curies":[{"name":"wp","href":"https:\/\/api.w.org\/{rel}","templated":true}]}}